{"id":6807,"date":"2023-09-15T11:47:10","date_gmt":"2023-09-15T11:47:10","guid":{"rendered":"https:\/\/telesystem.eu\/public-procurement\/"},"modified":"2023-09-15T11:47:10","modified_gmt":"2023-09-15T11:47:10","slug":"public-procurement","status":"publish","type":"page","link":"https:\/\/telesystem.j33.pl\/en\/public-procurement\/","title":{"rendered":"PUBLIC PROCUREMENT"},"content":{"rendered":"\t\t<div data-elementor-type=\"wp-page\" data-elementor-id=\"6807\" class=\"elementor elementor-6807 elementor-6002\" data-elementor-settings=\"{&quot;ha_cmc_init_switcher&quot;:&quot;no&quot;}\" data-elementor-post-type=\"page\">\n\t\t\t\t\t\t<section class=\"elementor-section elementor-top-section elementor-element elementor-element-9971ab1 elementor-section-boxed elementor-section-height-default elementor-section-height-default\" data-id=\"9971ab1\" data-element_type=\"section\" data-settings=\"{&quot;_ha_eqh_enable&quot;:false}\">\n\t\t\t\t\t\t<div class=\"elementor-container elementor-column-gap-default\">\n\t\t\t\t\t<div class=\"elementor-column elementor-col-100 elementor-top-column elementor-element elementor-element-b43312d\" data-id=\"b43312d\" data-element_type=\"column\">\n\t\t\t<div class=\"elementor-widget-wrap elementor-element-populated\">\n\t\t\t\t\t\t<div class=\"elementor-element elementor-element-083f91d elementor-widget elementor-widget-heading\" data-id=\"083f91d\" data-element_type=\"widget\" data-widget_type=\"heading.default\">\n\t\t\t\t<div class=\"elementor-widget-container\">\n\t\t\t\t\t<h2 class=\"elementor-heading-title elementor-size-default\">PUBLIC PROCUREMENT<\/h2>\t\t\t\t<\/div>\n\t\t\t\t<\/div>\n\t\t\t\t\t<\/div>\n\t\t<\/div>\n\t\t\t\t\t<\/div>\n\t\t<\/section>\n\t\t\t\t<section class=\"elementor-section elementor-top-section elementor-element elementor-element-a88ce72 elementor-section-boxed elementor-section-height-default elementor-section-height-default\" data-id=\"a88ce72\" data-element_type=\"section\" data-settings=\"{&quot;_ha_eqh_enable&quot;:false}\">\n\t\t\t\t\t\t<div class=\"elementor-container elementor-column-gap-default\">\n\t\t\t\t\t<div class=\"elementor-column elementor-col-100 elementor-top-column elementor-element elementor-element-589a039\" data-id=\"589a039\" data-element_type=\"column\">\n\t\t\t<div class=\"elementor-widget-wrap elementor-element-populated\">\n\t\t\t\t\t\t<div class=\"elementor-element elementor-element-757e322 elementor-widget elementor-widget-eael-adv-tabs\" data-id=\"757e322\" data-element_type=\"widget\" data-widget_type=\"eael-adv-tabs.default\">\n\t\t\t\t<div class=\"elementor-widget-container\">\n\t\t\t\t\t        <div data-scroll-on-click=\"no\" data-scroll-speed=\"300\" id=\"eael-advance-tabs-757e322\" class=\"eael-advance-tabs eael-tabs-horizontal eael-tab-auto-active  active-caret-on\" data-tabid=\"757e322\">\n            <div class=\"eael-tabs-nav \">\n                <ul class=\"\" role=\"tablist\">\n                                            <li id=\"current\" class=\" eael-tab-item-trigger eael-tab-nav-item\" aria-selected=\"true\" data-tab=\"1\" role=\"tab\" tabindex=\"0\" aria-controls=\"current-tab\" aria-expanded=\"false\">\n                            \n                            \n                            \n                                                            <span class=\"eael-tab-title title-after-icon\" >Current<\/span>                                                    <\/li>\n                                            <li id=\"archival\" class=\"active-default eael-tab-item-trigger eael-tab-nav-item\" aria-selected=\"false\" data-tab=\"2\" role=\"tab\" tabindex=\"-1\" aria-controls=\"archival-tab\" aria-expanded=\"false\">\n                            \n                            \n                            \n                                                            <span class=\"eael-tab-title title-after-icon\" >Archival<\/span>                                                    <\/li>\n                    \n                                  <\/ul>\n            <\/div>\n            \n            <div class=\"eael-tabs-content\">\n\t\t        \n                    <div id=\"current-tab\" class=\"clearfix eael-tab-content-item \" data-title-link=\"current-tab\">\n\t\t\t\t        <style>.elementor-4314 .elementor-element.elementor-element-309254b{margin-top:0px;margin-bottom:0px;padding:0px 0px 0px 0px;}.elementor-4314 .elementor-element.elementor-element-79f80c9 > .elementor-widget-container > .jet-listing-grid > .jet-listing-grid__items{--columns:2;}.elementor-4314 .elementor-element.elementor-element-79f80c9 > .elementor-widget-container{margin:0px 0px 0px 0px;padding:0px 0px 0px 0px;}@media(max-width:767px){.elementor-4314 .elementor-element.elementor-element-79f80c9 > .elementor-widget-container > .jet-listing-grid > .jet-listing-grid__items{--columns:1;}}<\/style>\t\t<div data-elementor-type=\"archive\" data-elementor-id=\"4314\" class=\"elementor elementor-4314\" data-elementor-settings=\"{&quot;ha_cmc_init_switcher&quot;:&quot;no&quot;}\" data-elementor-post-type=\"elementor_library\">\n\t\t\t\t\t<section class=\"elementor-section elementor-top-section elementor-element elementor-element-309254b elementor-section-boxed elementor-section-height-default elementor-section-height-default\" data-id=\"309254b\" data-element_type=\"section\" data-settings=\"{&quot;_ha_eqh_enable&quot;:false}\">\n\t\t\t\t\t\t<div class=\"elementor-container elementor-column-gap-default\">\n\t\t\t\t\t<div class=\"elementor-column elementor-col-100 elementor-top-column elementor-element elementor-element-ae340c6\" data-id=\"ae340c6\" data-element_type=\"column\">\n\t\t\t<div class=\"elementor-widget-wrap elementor-element-populated\">\n\t\t\t\t\t\t<div class=\"elementor-element elementor-element-79f80c9 eael_liquid_glass-effect1 eael_liquid_glass_shadow-effect1 ha-has-bg-overlay elementor-widget elementor-widget-jet-listing-grid\" data-id=\"79f80c9\" data-element_type=\"widget\" data-settings=\"{&quot;columns&quot;:&quot;2&quot;,&quot;columns_mobile&quot;:&quot;1&quot;}\" data-widget_type=\"jet-listing-grid.default\">\n\t\t\t\t<div class=\"elementor-widget-container\">\n\t\t\t\t\t<div class=\"jet-listing-grid jet-listing\"><div class=\"jet-listing-not-found jet-listing-grid__items\" data-nav=\"{&quot;enabled&quot;:false,&quot;type&quot;:null,&quot;more_el&quot;:null,&quot;query&quot;:[],&quot;widget_settings&quot;:{&quot;lisitng_id&quot;:4190,&quot;posts_num&quot;:6,&quot;columns&quot;:2,&quot;columns_tablet&quot;:2,&quot;columns_mobile&quot;:1,&quot;is_archive_template&quot;:&quot;yes&quot;,&quot;post_status&quot;:[&quot;publish&quot;],&quot;use_random_posts_num&quot;:&quot;&quot;,&quot;max_posts_num&quot;:9,&quot;not_found_message&quot;:&quot;Brak aktualnych zam\\u00f3wie\\u0144!&quot;,&quot;is_masonry&quot;:false,&quot;equal_columns_height&quot;:&quot;&quot;,&quot;use_load_more&quot;:&quot;&quot;,&quot;load_more_id&quot;:&quot;&quot;,&quot;load_more_type&quot;:&quot;click&quot;,&quot;load_more_offset&quot;:{&quot;unit&quot;:&quot;px&quot;,&quot;size&quot;:0,&quot;sizes&quot;:[]},&quot;use_custom_post_types&quot;:&quot;&quot;,&quot;custom_post_types&quot;:[],&quot;hide_widget_if&quot;:&quot;&quot;,&quot;carousel_enabled&quot;:&quot;&quot;,&quot;slides_to_scroll&quot;:&quot;1&quot;,&quot;arrows&quot;:&quot;true&quot;,&quot;arrow_icon&quot;:&quot;fa fa-angle-left&quot;,&quot;dots&quot;:&quot;&quot;,&quot;autoplay&quot;:&quot;true&quot;,&quot;pause_on_hover&quot;:&quot;true&quot;,&quot;autoplay_speed&quot;:5000,&quot;infinite&quot;:&quot;true&quot;,&quot;center_mode&quot;:&quot;&quot;,&quot;effect&quot;:&quot;slide&quot;,&quot;speed&quot;:500,&quot;inject_alternative_items&quot;:&quot;&quot;,&quot;injection_items&quot;:[],&quot;scroll_slider_enabled&quot;:&quot;&quot;,&quot;scroll_slider_on&quot;:[&quot;desktop&quot;,&quot;tablet&quot;,&quot;mobile&quot;],&quot;custom_query&quot;:&quot;yes&quot;,&quot;custom_query_id&quot;:&quot;7&quot;,&quot;_element_id&quot;:&quot;&quot;,&quot;collapse_first_last_gap&quot;:false,&quot;list_items_wrapper_tag&quot;:&quot;div&quot;,&quot;list_item_tag&quot;:&quot;div&quot;,&quot;empty_items_wrapper_tag&quot;:&quot;div&quot;}}\" data-queried-id=\"6807|WP_Post\">Brak aktualnych zam\u00f3wie\u0144!<\/div><\/div>\t\t\t\t<\/div>\n\t\t\t\t<\/div>\n\t\t\t\t\t<\/div>\n\t\t<\/div>\n\t\t\t\t\t<\/div>\n\t\t<\/section>\n\t\t\t\t<\/div>\n\t\t                    <\/div>\n\t\t        \n                    <div id=\"archival-tab\" class=\"clearfix eael-tab-content-item active-default\" data-title-link=\"archival-tab\">\n\t\t\t\t        <style>.elementor-widget-ha-post-tab .ha-post-tab .ha-post-tab-filter li{font-family:var( --e-global-typography-secondary-font-family ), Sans-serif;font-size:var( --e-global-typography-secondary-font-size );font-weight:var( --e-global-typography-secondary-font-weight );text-transform:var( --e-global-typography-secondary-text-transform );line-height:var( --e-global-typography-secondary-line-height );word-spacing:var( --e-global-typography-secondary-word-spacing );}.elementor-widget-ha-post-tab .ha-post-tab .ha-post-tab-item-inner .ha-post-tab-title{font-family:var( --e-global-typography-secondary-font-family ), Sans-serif;font-size:var( --e-global-typography-secondary-font-size );font-weight:var( --e-global-typography-secondary-font-weight );text-transform:var( --e-global-typography-secondary-text-transform );line-height:var( --e-global-typography-secondary-line-height );word-spacing:var( --e-global-typography-secondary-word-spacing );}.elementor-widget-ha-post-tab .ha-post-tab .ha-post-tab-meta span{font-family:var( --e-global-typography-text-font-family ), Sans-serif;font-size:var( --e-global-typography-text-font-size );font-weight:var( --e-global-typography-text-font-weight );line-height:var( --e-global-typography-text-line-height );word-spacing:var( --e-global-typography-text-word-spacing );}.elementor-widget-ha-post-tab .ha-post-tab .ha-post-tab-excerpt p{font-family:var( --e-global-typography-text-font-family ), Sans-serif;font-size:var( --e-global-typography-text-font-size );font-weight:var( --e-global-typography-text-font-weight );line-height:var( --e-global-typography-text-line-height );word-spacing:var( --e-global-typography-text-word-spacing );}.elementor-6389 .elementor-element.elementor-element-3d6d8e3 .ha-post-tab .ha-post-tab-item{flex-basis:calc(100% \/ 4);padding-left:15px;padding-right:15px;margin-bottom:30px;}.elementor-6389 .elementor-element.elementor-element-3d6d8e3 .ha-post-tab .ha-post-tab-filter li{background-color:var( --e-global-color-dd0e3ae );color:var( --e-global-color-dd0e3ae );font-family:\"Roboto\", Sans-serif;font-size:16px;font-weight:400;text-transform:uppercase;border-style:none;}.elementor-6389 .elementor-element.elementor-element-3d6d8e3 .ha-post-tab .ha-post-tab-filter li.active,.elementor-6389 .elementor-element.elementor-element-3d6d8e3 .ha-post-tab .ha-post-tab-filter li:hover{background-color:var( --e-global-color-dd0e3ae );}.elementor-6389 .elementor-element.elementor-element-3d6d8e3 .ha-post-tab .ha-post-tab-filter{text-align:left;margin-bottom:39px;border-style:none;}.elementor-6389 .elementor-element.elementor-element-3d6d8e3 .ha-post-tab .ha-post-tab-filter li.active{color:var( --e-global-color-dd0e3ae );}.elementor-6389 .elementor-element.elementor-element-3d6d8e3 .ha-post-tab .ha-post-tab-filter li:hover{color:var( --e-global-color-dd0e3ae );}.elementor-6389 .elementor-element.elementor-element-3d6d8e3 .ha-post-tab .ha-post-tab-item-inner .ha-post-tab-thumb{margin-bottom:15px;}.elementor-6389 .elementor-element.elementor-element-3d6d8e3 .ha-post-tab .ha-post-tab-item-inner .ha-post-tab-title{margin-bottom:10px;font-family:var( --e-global-typography-72a8484-font-family ), Sans-serif;font-size:var( --e-global-typography-72a8484-font-size );font-weight:var( --e-global-typography-72a8484-font-weight );text-transform:var( --e-global-typography-72a8484-text-transform );line-height:var( --e-global-typography-72a8484-line-height );word-spacing:var( --e-global-typography-72a8484-word-spacing );}.elementor-6389 .elementor-element.elementor-element-3d6d8e3 .ha-post-tab .ha-post-tab-item-inner .ha-post-tab-title a{color:var( --e-global-color-5eb3942 );}.elementor-6389 .elementor-element.elementor-element-3d6d8e3 .ha-post-tab .ha-post-tab-meta span{font-family:var( --e-global-typography-6392cee-font-family ), Sans-serif;font-size:var( --e-global-typography-6392cee-font-size );font-weight:var( --e-global-typography-6392cee-font-weight );line-height:var( --e-global-typography-6392cee-line-height );word-spacing:var( --e-global-typography-6392cee-word-spacing );color:var( --e-global-color-f63aa93 );}.elementor-6389 .elementor-element.elementor-element-3d6d8e3 .ha-post-tab .ha-post-tab-meta span a{color:var( --e-global-color-f63aa93 );}@media(max-width:1024px){.elementor-widget-ha-post-tab .ha-post-tab .ha-post-tab-filter li{font-size:var( --e-global-typography-secondary-font-size );line-height:var( --e-global-typography-secondary-line-height );word-spacing:var( --e-global-typography-secondary-word-spacing );}.elementor-widget-ha-post-tab .ha-post-tab .ha-post-tab-item-inner .ha-post-tab-title{font-size:var( --e-global-typography-secondary-font-size );line-height:var( --e-global-typography-secondary-line-height );word-spacing:var( --e-global-typography-secondary-word-spacing );}.elementor-widget-ha-post-tab .ha-post-tab .ha-post-tab-meta span{font-size:var( --e-global-typography-text-font-size );line-height:var( --e-global-typography-text-line-height );word-spacing:var( --e-global-typography-text-word-spacing );}.elementor-widget-ha-post-tab .ha-post-tab .ha-post-tab-excerpt p{font-size:var( --e-global-typography-text-font-size );line-height:var( --e-global-typography-text-line-height );word-spacing:var( --e-global-typography-text-word-spacing );}.elementor-6389 .elementor-element.elementor-element-3d6d8e3 .ha-post-tab .ha-post-tab-item{flex-basis:calc(100% \/ 3);}.elementor-6389 .elementor-element.elementor-element-3d6d8e3 .ha-post-tab .ha-post-tab-item-inner .ha-post-tab-title{font-size:var( --e-global-typography-72a8484-font-size );line-height:var( --e-global-typography-72a8484-line-height );word-spacing:var( --e-global-typography-72a8484-word-spacing );}.elementor-6389 .elementor-element.elementor-element-3d6d8e3 .ha-post-tab .ha-post-tab-meta span{font-size:var( --e-global-typography-6392cee-font-size );line-height:var( --e-global-typography-6392cee-line-height );word-spacing:var( --e-global-typography-6392cee-word-spacing );}}@media(max-width:767px){.elementor-widget-ha-post-tab .ha-post-tab .ha-post-tab-filter li{font-size:var( --e-global-typography-secondary-font-size );line-height:var( --e-global-typography-secondary-line-height );word-spacing:var( --e-global-typography-secondary-word-spacing );}.elementor-widget-ha-post-tab .ha-post-tab .ha-post-tab-item-inner .ha-post-tab-title{font-size:var( --e-global-typography-secondary-font-size );line-height:var( --e-global-typography-secondary-line-height );word-spacing:var( --e-global-typography-secondary-word-spacing );}.elementor-widget-ha-post-tab .ha-post-tab .ha-post-tab-meta span{font-size:var( --e-global-typography-text-font-size );line-height:var( --e-global-typography-text-line-height );word-spacing:var( --e-global-typography-text-word-spacing );}.elementor-widget-ha-post-tab .ha-post-tab .ha-post-tab-excerpt p{font-size:var( --e-global-typography-text-font-size );line-height:var( --e-global-typography-text-line-height );word-spacing:var( --e-global-typography-text-word-spacing );}.elementor-6389 .elementor-element.elementor-element-3d6d8e3 .ha-post-tab .ha-post-tab-item{flex-basis:calc(100% \/ 1);}.elementor-6389 .elementor-element.elementor-element-3d6d8e3 .ha-post-tab .ha-post-tab-item-inner .ha-post-tab-title{font-size:var( --e-global-typography-72a8484-font-size );line-height:var( --e-global-typography-72a8484-line-height );word-spacing:var( --e-global-typography-72a8484-word-spacing );}.elementor-6389 .elementor-element.elementor-element-3d6d8e3 .ha-post-tab .ha-post-tab-meta span{font-size:var( --e-global-typography-6392cee-font-size );line-height:var( --e-global-typography-6392cee-line-height );word-spacing:var( --e-global-typography-6392cee-word-spacing );}}<\/style>\t\t<div data-elementor-type=\"section\" data-elementor-id=\"6389\" class=\"elementor elementor-6389\" data-elementor-settings=\"{&quot;ha_cmc_init_switcher&quot;:&quot;no&quot;}\" data-elementor-post-type=\"elementor_library\">\n\t\t\t\t\t<section class=\"elementor-section elementor-top-section elementor-element elementor-element-8e5e222 elementor-section-boxed elementor-section-height-default elementor-section-height-default\" data-id=\"8e5e222\" data-element_type=\"section\" data-settings=\"{&quot;_ha_eqh_enable&quot;:false}\">\n\t\t\t\t\t\t<div class=\"elementor-container elementor-column-gap-default\">\n\t\t\t\t\t<div class=\"elementor-column elementor-col-100 elementor-top-column elementor-element elementor-element-6cd9604\" data-id=\"6cd9604\" data-element_type=\"column\">\n\t\t\t<div class=\"elementor-widget-wrap elementor-element-populated\">\n\t\t\t\t\t\t<div class=\"elementor-element elementor-element-3d6d8e3 elementor-widget elementor-widget-ha-post-tab happy-addon ha-post-tab\" data-id=\"3d6d8e3\" data-element_type=\"widget\" data-widget_type=\"ha-post-tab.default\">\n\t\t\t\t<div class=\"elementor-widget-container\">\n\t\t\t\t\tNo  Posts  Found\t\t\t\t<\/div>\n\t\t\t\t<\/div>\n\t\t\t\t\t<\/div>\n\t\t<\/div>\n\t\t\t\t\t<\/div>\n\t\t<\/section>\n\t\t\t\t<\/div>\n\t\t                    <\/div>\n\t\t                    <\/div>\n        <\/div>\n\t\t\t\t<\/div>\n\t\t\t\t<\/div>\n\t\t\t\t\t<\/div>\n\t\t<\/div>\n\t\t\t\t\t<\/div>\n\t\t<\/section>\n\t\t\t\t<\/div>\n\t\t","protected":false},"excerpt":{"rendered":"<p>PUBLIC PROCUREMENT Current Archival Brak aktualnych zam\u00f3wie\u0144! Archiwalne Zam\u00f3wienie nr 1\/2021 8 lutego, 2021 Zam\u00f3wienie Nr 4\/2021 20 wrze\u015bnia, 2021 Zam\u00f3wienie Nr 3\/2021 20 wrze\u015bnia, 2021 Zam\u00f3wienie nr 2\/2021 8 lutego, 2022 Zam\u00f3wienie Nr 1\/2022 31 marca, 2022 Zam\u00f3wienie Nr2\/2022 31 marca, 2022 Nr 1\/2023 19 maja, 2023 Nr 3\/2022 19 maja, 2023<\/p>\n","protected":false},"author":2,"featured_media":0,"parent":0,"menu_order":0,"comment_status":"closed","ping_status":"closed","template":"","meta":{"_eb_attr":"","footnotes":""},"class_list":["post-6807","page","type-page","status-publish","hentry"],"aioseo_notices":[],"_links":{"self":[{"href":"https:\/\/telesystem.j33.pl\/en\/wp-json\/wp\/v2\/pages\/6807","targetHints":{"allow":["GET"]}}],"collection":[{"href":"https:\/\/telesystem.j33.pl\/en\/wp-json\/wp\/v2\/pages"}],"about":[{"href":"https:\/\/telesystem.j33.pl\/en\/wp-json\/wp\/v2\/types\/page"}],"author":[{"embeddable":true,"href":"https:\/\/telesystem.j33.pl\/en\/wp-json\/wp\/v2\/users\/2"}],"replies":[{"embeddable":true,"href":"https:\/\/telesystem.j33.pl\/en\/wp-json\/wp\/v2\/comments?post=6807"}],"version-history":[{"count":1,"href":"https:\/\/telesystem.j33.pl\/en\/wp-json\/wp\/v2\/pages\/6807\/revisions"}],"predecessor-version":[{"id":6808,"href":"https:\/\/telesystem.j33.pl\/en\/wp-json\/wp\/v2\/pages\/6807\/revisions\/6808"}],"wp:attachment":[{"href":"https:\/\/telesystem.j33.pl\/en\/wp-json\/wp\/v2\/media?parent=6807"}],"curies":[{"name":"wp","href":"https:\/\/api.w.org\/{rel}","templated":true}]}}